{"id":5457,"date":"2020-09-01T20:02:51","date_gmt":"2020-09-01T19:02:51","guid":{"rendered":"https:\/\/www.scubaworld.nl\/product\/duiklogboek-helmduiker-rood\/"},"modified":"2025-03-20T11:12:59","modified_gmt":"2025-03-20T10:12:59","slug":"duiklogboek-helmduiker-rood","status":"publish","type":"product","link":"https:\/\/scubaworld.nl\/en\/product\/duiklogboek-helmduiker-rood\/","title":{"rendered":"Duiklogboek Helmduiker Rood"},"content":{"rendered":"<h3>De belangrijkste kenmerken<\/h3>\n<ul>\n<li>Je personalia<\/li>\n<li>10 keer medische keuring<\/li>\n<li>150 duiken \u00e0 \u00e9\u00e9n duik per pagina<\/li>\n<li>ICE-list (contactgegevens in noodgevallen)<\/li>\n<li>Insteekhoesjes voor je brevetcards<\/li>\n<li>Compact en toch voldoende ruimte<\/li>\n<li>Gebonden, met een stevige kaft<\/li>\n<li>In blauwe of rode uitvoering<\/li>\n<li>Handzaam formaat, 12&#215;18 cm<\/li>\n<li>Lichtgewicht, nog geen 250 g<\/li>\n<li>Met superhandig leeslint<\/li>\n<\/ul>\n","protected":false},"excerpt":{"rendered":"<p>Luxe, gebonden duiklogboek Helmduiker.<br \/>\nElke duik is een unieke ervaring die je wilt vastleggen in jouw logboek.<br \/>\nHet bijhouden en vastleggen van jouw duiken in je logboek is niet alleen belangrijk voor jouw vervolgcursussen maar ook erg waardevol voor jezelf.<br \/>\nZo kan je altijd jouw duikavonturen herbeleven.<\/p>\n","protected":false},"featured_media":15131,"comment_status":"open","ping_status":"closed","template":"","meta":{"_et_pb_use_builder":"off","_et_pb_old_content":"","_et_gb_content_width":"","_glsr_average":0,"_glsr_ranking":0,"_glsr_reviews":0},"product_brand":[],"product_cat":[282,283],"product_tag":[],"giftcard-category":[],"class_list":{"0":"post-5457","1":"product","2":"type-product","3":"status-publish","4":"has-post-thumbnail","6":"product_cat-boeken-en","7":"product_cat-opleidingen-materialen-en","9":"first","10":"instock","11":"taxable","12":"shipping-taxable","13":"purchasable","14":"product-type-simple"},"yoast_head":"<!-- This site is optimized with the Yoast SEO plugin v27.4 - https:\/\/yoast.com\/product\/yoast-seo-wordpress\/ -->\n<title>Duiklogboek Helmduiker Rood - ScubaWorld<\/title>\n<meta name=\"description\" content=\"Scuba World | Luxe, gebonden duiklogboek. Het bijhouden en vastleggen van jouw duiken in je logboek is niet alleen belangrijk voor jouw vervolgcursussen maar ook erg waardevol voor jezelf.\u00a0Zo kan je altijd jouw duikavonturen herbeleven.\" \/>\n<meta name=\"robots\" content=\"index, follow, max-snippet:-1, max-image-preview:large, max-video-preview:-1\" \/>\n<link rel=\"canonical\" href=\"https:\/\/scubaworld.nl\/en\/product\/duiklogboek-helmduiker-rood\/\" \/>\n<meta property=\"og:locale\" content=\"en_US\" \/>\n<meta property=\"og:type\" content=\"article\" \/>\n<meta property=\"og:title\" content=\"Duiklogboek Helmduiker Rood - ScubaWorld\" \/>\n<meta property=\"og:description\" content=\"Scuba World | Luxe, gebonden duiklogboek. Het bijhouden en vastleggen van jouw duiken in je logboek is niet alleen belangrijk voor jouw vervolgcursussen maar ook erg waardevol voor jezelf.\u00a0Zo kan je altijd jouw duikavonturen herbeleven.\" \/>\n<meta property=\"og:url\" content=\"https:\/\/scubaworld.nl\/en\/product\/duiklogboek-helmduiker-rood\/\" \/>\n<meta property=\"og:site_name\" content=\"ScubaWorld\" \/>\n<meta property=\"article:modified_time\" content=\"2025-03-20T10:12:59+00:00\" \/>\n<meta property=\"og:image\" content=\"https:\/\/scubaworld.nl\/wp-content\/uploads\/duiklogboek_rood2.jpg\" \/>\n\t<meta property=\"og:image:width\" content=\"600\" \/>\n\t<meta property=\"og:image:height\" content=\"926\" \/>\n\t<meta property=\"og:image:type\" content=\"image\/jpeg\" \/>\n<meta name=\"twitter:card\" content=\"summary_large_image\" \/>\n<script type=\"application\/ld+json\" class=\"yoast-schema-graph\">{\"@context\":\"https:\\\/\\\/schema.org\",\"@graph\":[{\"@type\":\"WebPage\",\"@id\":\"https:\\\/\\\/scubaworld.nl\\\/en\\\/product\\\/duiklogboek-helmduiker-rood\\\/\",\"url\":\"https:\\\/\\\/scubaworld.nl\\\/en\\\/product\\\/duiklogboek-helmduiker-rood\\\/\",\"name\":\"Duiklogboek Helmduiker Rood - ScubaWorld\",\"isPartOf\":{\"@id\":\"https:\\\/\\\/scubaworld.nl\\\/#website\"},\"primaryImageOfPage\":{\"@id\":\"https:\\\/\\\/scubaworld.nl\\\/en\\\/product\\\/duiklogboek-helmduiker-rood\\\/#primaryimage\"},\"image\":{\"@id\":\"https:\\\/\\\/scubaworld.nl\\\/en\\\/product\\\/duiklogboek-helmduiker-rood\\\/#primaryimage\"},\"thumbnailUrl\":\"https:\\\/\\\/scubaworld.nl\\\/wp-content\\\/uploads\\\/duiklogboek_rood2-1.jpg\",\"datePublished\":\"2020-09-01T19:02:51+00:00\",\"dateModified\":\"2025-03-20T10:12:59+00:00\",\"description\":\"Scuba World | Luxe, gebonden duiklogboek. Het bijhouden en vastleggen van jouw duiken in je logboek is niet alleen belangrijk voor jouw vervolgcursussen maar ook erg waardevol voor jezelf.\u00a0Zo kan je altijd jouw duikavonturen herbeleven.\",\"breadcrumb\":{\"@id\":\"https:\\\/\\\/scubaworld.nl\\\/en\\\/product\\\/duiklogboek-helmduiker-rood\\\/#breadcrumb\"},\"inLanguage\":\"en-US\",\"potentialAction\":[{\"@type\":\"ReadAction\",\"target\":[\"https:\\\/\\\/scubaworld.nl\\\/en\\\/product\\\/duiklogboek-helmduiker-rood\\\/\"]}]},{\"@type\":\"ImageObject\",\"inLanguage\":\"en-US\",\"@id\":\"https:\\\/\\\/scubaworld.nl\\\/en\\\/product\\\/duiklogboek-helmduiker-rood\\\/#primaryimage\",\"url\":\"https:\\\/\\\/scubaworld.nl\\\/wp-content\\\/uploads\\\/duiklogboek_rood2-1.jpg\",\"contentUrl\":\"https:\\\/\\\/scubaworld.nl\\\/wp-content\\\/uploads\\\/duiklogboek_rood2-1.jpg\",\"width\":600,\"height\":926},{\"@type\":\"BreadcrumbList\",\"@id\":\"https:\\\/\\\/scubaworld.nl\\\/en\\\/product\\\/duiklogboek-helmduiker-rood\\\/#breadcrumb\",\"itemListElement\":[{\"@type\":\"ListItem\",\"position\":1,\"name\":\"Home\",\"item\":\"https:\\\/\\\/scubaworld.nl\\\/\"},{\"@type\":\"ListItem\",\"position\":2,\"name\":\"Winkel\",\"item\":\"https:\\\/\\\/scubaworld.nl\\\/en\\\/winkel\\\/\"},{\"@type\":\"ListItem\",\"position\":3,\"name\":\"Duiklogboek Helmduiker Rood\"}]},{\"@type\":\"WebSite\",\"@id\":\"https:\\\/\\\/scubaworld.nl\\\/#website\",\"url\":\"https:\\\/\\\/scubaworld.nl\\\/\",\"name\":\"ScubaWorld\",\"description\":\"Specialist in duikmaterialen en duikopleidingen voor jong en oud\",\"publisher\":{\"@id\":\"https:\\\/\\\/scubaworld.nl\\\/#organization\"},\"potentialAction\":[{\"@type\":\"SearchAction\",\"target\":{\"@type\":\"EntryPoint\",\"urlTemplate\":\"https:\\\/\\\/scubaworld.nl\\\/?s={search_term_string}\"},\"query-input\":{\"@type\":\"PropertyValueSpecification\",\"valueRequired\":true,\"valueName\":\"search_term_string\"}}],\"inLanguage\":\"en-US\"},{\"@type\":\"Organization\",\"@id\":\"https:\\\/\\\/scubaworld.nl\\\/#organization\",\"name\":\"ScubaWorld\",\"url\":\"https:\\\/\\\/scubaworld.nl\\\/\",\"logo\":{\"@type\":\"ImageObject\",\"inLanguage\":\"en-US\",\"@id\":\"https:\\\/\\\/scubaworld.nl\\\/#\\\/schema\\\/logo\\\/image\\\/\",\"url\":\"https:\\\/\\\/scubaworld.nl\\\/wp-content\\\/uploads\\\/2020\\\/03\\\/logo@2x.png\",\"contentUrl\":\"https:\\\/\\\/scubaworld.nl\\\/wp-content\\\/uploads\\\/2020\\\/03\\\/logo@2x.png\",\"width\":268,\"height\":196,\"caption\":\"ScubaWorld\"},\"image\":{\"@id\":\"https:\\\/\\\/scubaworld.nl\\\/#\\\/schema\\\/logo\\\/image\\\/\"}}]}<\/script>\n<!-- \/ Yoast SEO plugin. -->","yoast_head_json":{"title":"Duiklogboek Helmduiker Rood - ScubaWorld","description":"Scuba World | Luxe, gebonden duiklogboek. Het bijhouden en vastleggen van jouw duiken in je logboek is niet alleen belangrijk voor jouw vervolgcursussen maar ook erg waardevol voor jezelf.\u00a0Zo kan je altijd jouw duikavonturen herbeleven.","robots":{"index":"index","follow":"follow","max-snippet":"max-snippet:-1","max-image-preview":"max-image-preview:large","max-video-preview":"max-video-preview:-1"},"canonical":"https:\/\/scubaworld.nl\/en\/product\/duiklogboek-helmduiker-rood\/","og_locale":"en_US","og_type":"article","og_title":"Duiklogboek Helmduiker Rood - ScubaWorld","og_description":"Scuba World | Luxe, gebonden duiklogboek. Het bijhouden en vastleggen van jouw duiken in je logboek is niet alleen belangrijk voor jouw vervolgcursussen maar ook erg waardevol voor jezelf.\u00a0Zo kan je altijd jouw duikavonturen herbeleven.","og_url":"https:\/\/scubaworld.nl\/en\/product\/duiklogboek-helmduiker-rood\/","og_site_name":"ScubaWorld","article_modified_time":"2025-03-20T10:12:59+00:00","og_image":[{"width":600,"height":926,"url":"https:\/\/scubaworld.nl\/wp-content\/uploads\/duiklogboek_rood2.jpg","type":"image\/jpeg"}],"twitter_card":"summary_large_image","schema":{"@context":"https:\/\/schema.org","@graph":[{"@type":"WebPage","@id":"https:\/\/scubaworld.nl\/en\/product\/duiklogboek-helmduiker-rood\/","url":"https:\/\/scubaworld.nl\/en\/product\/duiklogboek-helmduiker-rood\/","name":"Duiklogboek Helmduiker Rood - ScubaWorld","isPartOf":{"@id":"https:\/\/scubaworld.nl\/#website"},"primaryImageOfPage":{"@id":"https:\/\/scubaworld.nl\/en\/product\/duiklogboek-helmduiker-rood\/#primaryimage"},"image":{"@id":"https:\/\/scubaworld.nl\/en\/product\/duiklogboek-helmduiker-rood\/#primaryimage"},"thumbnailUrl":"https:\/\/scubaworld.nl\/wp-content\/uploads\/duiklogboek_rood2-1.jpg","datePublished":"2020-09-01T19:02:51+00:00","dateModified":"2025-03-20T10:12:59+00:00","description":"Scuba World | Luxe, gebonden duiklogboek. Het bijhouden en vastleggen van jouw duiken in je logboek is niet alleen belangrijk voor jouw vervolgcursussen maar ook erg waardevol voor jezelf.\u00a0Zo kan je altijd jouw duikavonturen herbeleven.","breadcrumb":{"@id":"https:\/\/scubaworld.nl\/en\/product\/duiklogboek-helmduiker-rood\/#breadcrumb"},"inLanguage":"en-US","potentialAction":[{"@type":"ReadAction","target":["https:\/\/scubaworld.nl\/en\/product\/duiklogboek-helmduiker-rood\/"]}]},{"@type":"ImageObject","inLanguage":"en-US","@id":"https:\/\/scubaworld.nl\/en\/product\/duiklogboek-helmduiker-rood\/#primaryimage","url":"https:\/\/scubaworld.nl\/wp-content\/uploads\/duiklogboek_rood2-1.jpg","contentUrl":"https:\/\/scubaworld.nl\/wp-content\/uploads\/duiklogboek_rood2-1.jpg","width":600,"height":926},{"@type":"BreadcrumbList","@id":"https:\/\/scubaworld.nl\/en\/product\/duiklogboek-helmduiker-rood\/#breadcrumb","itemListElement":[{"@type":"ListItem","position":1,"name":"Home","item":"https:\/\/scubaworld.nl\/"},{"@type":"ListItem","position":2,"name":"Winkel","item":"https:\/\/scubaworld.nl\/en\/winkel\/"},{"@type":"ListItem","position":3,"name":"Duiklogboek Helmduiker Rood"}]},{"@type":"WebSite","@id":"https:\/\/scubaworld.nl\/#website","url":"https:\/\/scubaworld.nl\/","name":"ScubaWorld","description":"Specialist in duikmaterialen en duikopleidingen voor jong en oud","publisher":{"@id":"https:\/\/scubaworld.nl\/#organization"},"potentialAction":[{"@type":"SearchAction","target":{"@type":"EntryPoint","urlTemplate":"https:\/\/scubaworld.nl\/?s={search_term_string}"},"query-input":{"@type":"PropertyValueSpecification","valueRequired":true,"valueName":"search_term_string"}}],"inLanguage":"en-US"},{"@type":"Organization","@id":"https:\/\/scubaworld.nl\/#organization","name":"ScubaWorld","url":"https:\/\/scubaworld.nl\/","logo":{"@type":"ImageObject","inLanguage":"en-US","@id":"https:\/\/scubaworld.nl\/#\/schema\/logo\/image\/","url":"https:\/\/scubaworld.nl\/wp-content\/uploads\/2020\/03\/logo@2x.png","contentUrl":"https:\/\/scubaworld.nl\/wp-content\/uploads\/2020\/03\/logo@2x.png","width":268,"height":196,"caption":"ScubaWorld"},"image":{"@id":"https:\/\/scubaworld.nl\/#\/schema\/logo\/image\/"}}]}},"_links":{"self":[{"href":"https:\/\/scubaworld.nl\/en\/wp-json\/wp\/v2\/product\/5457","targetHints":{"allow":["GET"]}}],"collection":[{"href":"https:\/\/scubaworld.nl\/en\/wp-json\/wp\/v2\/product"}],"about":[{"href":"https:\/\/scubaworld.nl\/en\/wp-json\/wp\/v2\/types\/product"}],"replies":[{"embeddable":true,"href":"https:\/\/scubaworld.nl\/en\/wp-json\/wp\/v2\/comments?post=5457"}],"wp:featuredmedia":[{"embeddable":true,"href":"https:\/\/scubaworld.nl\/en\/wp-json\/wp\/v2\/media\/15131"}],"wp:attachment":[{"href":"https:\/\/scubaworld.nl\/en\/wp-json\/wp\/v2\/media?parent=5457"}],"wp:term":[{"taxonomy":"product_brand","embeddable":true,"href":"https:\/\/scubaworld.nl\/en\/wp-json\/wp\/v2\/product_brand?post=5457"},{"taxonomy":"product_cat","embeddable":true,"href":"https:\/\/scubaworld.nl\/en\/wp-json\/wp\/v2\/product_cat?post=5457"},{"taxonomy":"product_tag","embeddable":true,"href":"https:\/\/scubaworld.nl\/en\/wp-json\/wp\/v2\/product_tag?post=5457"},{"taxonomy":"giftcard-category","embeddable":true,"href":"https:\/\/scubaworld.nl\/en\/wp-json\/wp\/v2\/giftcard-category?post=5457"}],"curies":[{"name":"wp","href":"https:\/\/api.w.org\/{rel}","templated":true}]}}