{"id":5471,"date":"2020-08-12T09:52:53","date_gmt":"2020-08-12T09:52:53","guid":{"rendered":"https:\/\/www.scubaworld.nl\/product\/bundel-3\/"},"modified":"2025-03-30T20:37:20","modified_gmt":"2025-03-30T19:37:20","slug":"mares-quad-ci-bundel","status":"publish","type":"product","link":"https:\/\/scubaworld.nl\/en\/product\/mares-quad-ci-bundel\/","title":{"rendered":"Mares Quad CI met Led Tank zender"},"content":{"rendered":"<p><span class=\"ng-binding\" style=\"box-sizing: border-box; color: #7d7d7d; font-family: Roboto, Arial, sans-serif; font-size: 14px; font-style: normal; font-variant-ligatures: normal; font-variant-caps: normal; font-weight: 400; letter-spacing: normal; orphans: 2; text-align: left; text-indent: 0px; text-transform: none; widows: 2; word-spacing: 0px; -webkit-text-stroke-width: 0px; white-space: normal; background-color: #ffffff; text-decoration-thickness: initial; text-decoration-style: initial; text-decoration-color: initial;\">Duik in de geavanceerde functies van deze Mares luchtge\u00efntegreerde duikcomputer voor een onge\u00ebvenaarde onderwaterervaring. Hij is aanpasbaar met het B\u00fchlmann ZH-L16C algoritme en stelt duikers in staat om persoonlijke gradi\u00ebntfactoren in te stellen, zodat een veilige duik op maat gemaakt kan worden. Met veelzijdige modi voor lucht, nitrox en trimix, gekoppeld aan een 8-kleuren MIP-display met hoge resolutie, biedt deze duikcomputer uitgebreide informatie in \u00e9\u00e9n oogopslag. Het ge\u00efntegreerde digitale kompas, de stopwatch en de slangloze tankgegevensintegratie (tot vijf zenders) verbeteren de navigatie- en bewakingsmogelijkheden. Profiteer van een decompressieduikplanner, een logboekcapaciteit van 100 uur en een slim batterijbeheersysteem dat 20 uur duiktijd per volledige lading biedt. Blijf verbonden via Bluetooth, krijg toegang tot realtime duikinzichten en update firmware eenvoudig via de Mares app. Veiligheidsfuncties zoals TTR en een runaway deco-alarm maken deze duikcomputer nog betrouwbaarder voor onderwaterexploratie.<\/span><\/p>\n<p>&#8211; Aanpasbaar B\u00fchlmann ZH-L16C algoritme: Pas je duik aan met gepersonaliseerde gradi\u00ebntfactoren, voor een veilige en unieke onderwaterreis.<br \/>\n&#8211; Geavanceerde decompressiefuncties: Verken alternatieve gradi\u00ebntfactoren en ceil-con decompressie voor meer veiligheid tijdens je duiken.<br \/>\n&#8211; Veelzijdige duikmodi: Van lucht tot nitrox, trimix en bottom timer, deze duikcomputer past zich aan verschillende duikprofielen aan en biedt onge\u00ebvenaarde flexibiliteit.<br \/>\n&#8211; MIP-display met hoge resolutie: Dompel jezelf onder in een 8-kleuren MIP-display met hoge resolutie, waarop informatie in groot formaat in \u00e9\u00e9n oogopslag te lezen is.<br \/>\n&#8211; Ge\u00efntegreerd digitaal kompas: Navigeer vol vertrouwen met het digitale kompas, compleet met richtingsgeheugen en stopwatch.<br \/>\n&#8211; Integratie van tankgegevens zonder slang: Sluit tot vijf zenders aan voor naadloze integratie van tankgegevens, met kleurgecodeerde druk- en saturatieniveaus.<br \/>\n&#8211; Decompressie duikplanner: Plan je duiken met precisie met de decompressie duikplanner, vergezeld van een extra oppervlakte interval functie.<br \/>\n&#8211; Logboek capaciteit: Neem tot 100 uur aan duikprofielen op met een frequentie van 5 seconden, voor een uitgebreide analyse na de duik.<br \/>\n&#8211; Slim batterijbeheer: Geniet van een duiktijd van 20 uur per volledige lading (30 uur zonder zender) met een slim batterijbeheersysteem.<br \/>\n&#8211; Oplaadgemak: Moeiteloos opladen via clip en USB-kabel, met 500 oplaadcycli voor langdurige prestaties.<br \/>\n&#8211; Bluetooth connectiviteit: Blijf verbonden met ge\u00efntegreerde Bluetooth, voor een directe verbinding met je smart device.<br \/>\n&#8211; Real-time duikinzicht: Krijg tijdens de duik toegang tot duikprofielen en weefselverzadigingsgrafieken, zodat je in realtime op de hoogte bent.<br \/>\n&#8211; Onderwatermenu en snelcommando&#8217;s: Pas bepaalde instellingen onder water aan met de intu\u00eftieve interface met vier knoppen en snelle opdrachten.<br \/>\n&#8211; Tijd tot reserve (TTR): Controleer de tijd die u op de huidige diepte kunt doorbrengen voordat de tankreserve is bereikt.<br \/>\n&#8211; Veiligheidsfuncties: Profiteer van een runaway deco-alarm, en een automatische hoogteaanpassing die elke 20 seconden de omgevingsdruk detecteert.<br \/>\n&#8211; Gebruiksvriendelijke firmware-updates: Houd uw duikcomputer up-to-date met firmware-updates die eenvoudig worden geleverd via de Mares-app.<\/p>\n","protected":false},"excerpt":{"rendered":"<p>Duik in de geavanceerde functies van deze Mares luchtge\u00efntegreerde duikcomputer voor een onge\u00ebvenaarde onderwaterervaring. Hij is aanpasbaar met het B\u00fchlmann ZH-L16C algoritme en stelt duikers in staat om persoonlijke gradi\u00ebntfactoren in te stellen, zodat een veilige duik op maat gemaakt kan worden. Met veelzijdige modi voor lucht, nitrox en trimix, gekoppeld aan een 8-kleuren MIP-display [&hellip;]<\/p>\n","protected":false},"featured_media":15910,"comment_status":"open","ping_status":"closed","template":"","meta":{"_et_pb_use_builder":"","_et_pb_old_content":"","_et_gb_content_width":"","_glsr_average":0,"_glsr_ranking":0,"_glsr_reviews":0},"product_brand":[],"product_cat":[386,285,387,388],"product_tag":[],"giftcard-category":[],"class_list":{"0":"post-5471","1":"product","2":"type-product","3":"status-publish","4":"has-post-thumbnail","6":"product_cat-luchtgeintegreerd-en","7":"product_cat-pakketaanbiedingen-en","8":"product_cat-polscomputers-en","9":"product_cat-zenders-en-tank-pods-en","11":"first","12":"instock","13":"taxable","14":"shipping-taxable","15":"purchasable","16":"product-type-simple"},"yoast_head":"<!-- This site is optimized with the Yoast SEO plugin v27.4 - https:\/\/yoast.com\/product\/yoast-seo-wordpress\/ -->\n<title>Mares Quad CI met Led Tank zender - ScubaWorld<\/title>\n<meta name=\"robots\" content=\"index, follow, max-snippet:-1, max-image-preview:large, max-video-preview:-1\" \/>\n<link rel=\"canonical\" href=\"https:\/\/scubaworld.nl\/en\/product\/mares-quad-ci-bundel\/\" \/>\n<meta property=\"og:locale\" content=\"en_US\" \/>\n<meta property=\"og:type\" content=\"article\" \/>\n<meta property=\"og:title\" content=\"Mares Quad CI met Led Tank zender - ScubaWorld\" \/>\n<meta property=\"og:description\" content=\"Duik in de geavanceerde functies van deze Mares luchtge\u00efntegreerde duikcomputer voor een onge\u00ebvenaarde onderwaterervaring. Hij is aanpasbaar met het B\u00fchlmann ZH-L16C algoritme en stelt duikers in staat om persoonlijke gradi\u00ebntfactoren in te stellen, zodat een veilige duik op maat gemaakt kan worden. Met veelzijdige modi voor lucht, nitrox en trimix, gekoppeld aan een 8-kleuren MIP-display [&hellip;]\" \/>\n<meta property=\"og:url\" content=\"https:\/\/scubaworld.nl\/en\/product\/mares-quad-ci-bundel\/\" \/>\n<meta property=\"og:site_name\" content=\"ScubaWorld\" \/>\n<meta property=\"article:modified_time\" content=\"2025-03-30T19:37:20+00:00\" \/>\n<meta property=\"og:image\" content=\"https:\/\/scubaworld.nl\/wp-content\/uploads\/505671combi.jpg\" \/>\n\t<meta property=\"og:image:width\" content=\"800\" \/>\n\t<meta property=\"og:image:height\" content=\"800\" \/>\n\t<meta property=\"og:image:type\" content=\"image\/jpeg\" \/>\n<meta name=\"twitter:card\" content=\"summary_large_image\" \/>\n<meta name=\"twitter:label1\" content=\"Est. reading time\" \/>\n\t<meta name=\"twitter:data1\" content=\"2 minutes\" \/>\n<script type=\"application\/ld+json\" class=\"yoast-schema-graph\">{\"@context\":\"https:\\\/\\\/schema.org\",\"@graph\":[{\"@type\":\"WebPage\",\"@id\":\"https:\\\/\\\/scubaworld.nl\\\/en\\\/product\\\/mares-quad-ci-bundel\\\/\",\"url\":\"https:\\\/\\\/scubaworld.nl\\\/en\\\/product\\\/mares-quad-ci-bundel\\\/\",\"name\":\"Mares Quad CI met Led Tank zender - ScubaWorld\",\"isPartOf\":{\"@id\":\"https:\\\/\\\/scubaworld.nl\\\/#website\"},\"primaryImageOfPage\":{\"@id\":\"https:\\\/\\\/scubaworld.nl\\\/en\\\/product\\\/mares-quad-ci-bundel\\\/#primaryimage\"},\"image\":{\"@id\":\"https:\\\/\\\/scubaworld.nl\\\/en\\\/product\\\/mares-quad-ci-bundel\\\/#primaryimage\"},\"thumbnailUrl\":\"https:\\\/\\\/scubaworld.nl\\\/wp-content\\\/uploads\\\/505671combi.jpg\",\"datePublished\":\"2020-08-12T09:52:53+00:00\",\"dateModified\":\"2025-03-30T19:37:20+00:00\",\"breadcrumb\":{\"@id\":\"https:\\\/\\\/scubaworld.nl\\\/en\\\/product\\\/mares-quad-ci-bundel\\\/#breadcrumb\"},\"inLanguage\":\"en-US\",\"potentialAction\":[{\"@type\":\"ReadAction\",\"target\":[\"https:\\\/\\\/scubaworld.nl\\\/en\\\/product\\\/mares-quad-ci-bundel\\\/\"]}]},{\"@type\":\"ImageObject\",\"inLanguage\":\"en-US\",\"@id\":\"https:\\\/\\\/scubaworld.nl\\\/en\\\/product\\\/mares-quad-ci-bundel\\\/#primaryimage\",\"url\":\"https:\\\/\\\/scubaworld.nl\\\/wp-content\\\/uploads\\\/505671combi.jpg\",\"contentUrl\":\"https:\\\/\\\/scubaworld.nl\\\/wp-content\\\/uploads\\\/505671combi.jpg\",\"width\":800,\"height\":800},{\"@type\":\"BreadcrumbList\",\"@id\":\"https:\\\/\\\/scubaworld.nl\\\/en\\\/product\\\/mares-quad-ci-bundel\\\/#breadcrumb\",\"itemListElement\":[{\"@type\":\"ListItem\",\"position\":1,\"name\":\"Home\",\"item\":\"https:\\\/\\\/scubaworld.nl\\\/\"},{\"@type\":\"ListItem\",\"position\":2,\"name\":\"Winkel\",\"item\":\"https:\\\/\\\/scubaworld.nl\\\/en\\\/winkel\\\/\"},{\"@type\":\"ListItem\",\"position\":3,\"name\":\"Mares Quad CI met Led Tank zender\"}]},{\"@type\":\"WebSite\",\"@id\":\"https:\\\/\\\/scubaworld.nl\\\/#website\",\"url\":\"https:\\\/\\\/scubaworld.nl\\\/\",\"name\":\"ScubaWorld\",\"description\":\"Specialist in duikmaterialen en duikopleidingen voor jong en oud\",\"publisher\":{\"@id\":\"https:\\\/\\\/scubaworld.nl\\\/#organization\"},\"potentialAction\":[{\"@type\":\"SearchAction\",\"target\":{\"@type\":\"EntryPoint\",\"urlTemplate\":\"https:\\\/\\\/scubaworld.nl\\\/?s={search_term_string}\"},\"query-input\":{\"@type\":\"PropertyValueSpecification\",\"valueRequired\":true,\"valueName\":\"search_term_string\"}}],\"inLanguage\":\"en-US\"},{\"@type\":\"Organization\",\"@id\":\"https:\\\/\\\/scubaworld.nl\\\/#organization\",\"name\":\"ScubaWorld\",\"url\":\"https:\\\/\\\/scubaworld.nl\\\/\",\"logo\":{\"@type\":\"ImageObject\",\"inLanguage\":\"en-US\",\"@id\":\"https:\\\/\\\/scubaworld.nl\\\/#\\\/schema\\\/logo\\\/image\\\/\",\"url\":\"https:\\\/\\\/scubaworld.nl\\\/wp-content\\\/uploads\\\/2020\\\/03\\\/logo@2x.png\",\"contentUrl\":\"https:\\\/\\\/scubaworld.nl\\\/wp-content\\\/uploads\\\/2020\\\/03\\\/logo@2x.png\",\"width\":268,\"height\":196,\"caption\":\"ScubaWorld\"},\"image\":{\"@id\":\"https:\\\/\\\/scubaworld.nl\\\/#\\\/schema\\\/logo\\\/image\\\/\"}}]}<\/script>\n<!-- \/ Yoast SEO plugin. -->","yoast_head_json":{"title":"Mares Quad CI met Led Tank zender - ScubaWorld","robots":{"index":"index","follow":"follow","max-snippet":"max-snippet:-1","max-image-preview":"max-image-preview:large","max-video-preview":"max-video-preview:-1"},"canonical":"https:\/\/scubaworld.nl\/en\/product\/mares-quad-ci-bundel\/","og_locale":"en_US","og_type":"article","og_title":"Mares Quad CI met Led Tank zender - ScubaWorld","og_description":"Duik in de geavanceerde functies van deze Mares luchtge\u00efntegreerde duikcomputer voor een onge\u00ebvenaarde onderwaterervaring. Hij is aanpasbaar met het B\u00fchlmann ZH-L16C algoritme en stelt duikers in staat om persoonlijke gradi\u00ebntfactoren in te stellen, zodat een veilige duik op maat gemaakt kan worden. Met veelzijdige modi voor lucht, nitrox en trimix, gekoppeld aan een 8-kleuren MIP-display [&hellip;]","og_url":"https:\/\/scubaworld.nl\/en\/product\/mares-quad-ci-bundel\/","og_site_name":"ScubaWorld","article_modified_time":"2025-03-30T19:37:20+00:00","og_image":[{"width":800,"height":800,"url":"https:\/\/scubaworld.nl\/wp-content\/uploads\/505671combi.jpg","type":"image\/jpeg"}],"twitter_card":"summary_large_image","twitter_misc":{"Est. reading time":"2 minutes"},"schema":{"@context":"https:\/\/schema.org","@graph":[{"@type":"WebPage","@id":"https:\/\/scubaworld.nl\/en\/product\/mares-quad-ci-bundel\/","url":"https:\/\/scubaworld.nl\/en\/product\/mares-quad-ci-bundel\/","name":"Mares Quad CI met Led Tank zender - ScubaWorld","isPartOf":{"@id":"https:\/\/scubaworld.nl\/#website"},"primaryImageOfPage":{"@id":"https:\/\/scubaworld.nl\/en\/product\/mares-quad-ci-bundel\/#primaryimage"},"image":{"@id":"https:\/\/scubaworld.nl\/en\/product\/mares-quad-ci-bundel\/#primaryimage"},"thumbnailUrl":"https:\/\/scubaworld.nl\/wp-content\/uploads\/505671combi.jpg","datePublished":"2020-08-12T09:52:53+00:00","dateModified":"2025-03-30T19:37:20+00:00","breadcrumb":{"@id":"https:\/\/scubaworld.nl\/en\/product\/mares-quad-ci-bundel\/#breadcrumb"},"inLanguage":"en-US","potentialAction":[{"@type":"ReadAction","target":["https:\/\/scubaworld.nl\/en\/product\/mares-quad-ci-bundel\/"]}]},{"@type":"ImageObject","inLanguage":"en-US","@id":"https:\/\/scubaworld.nl\/en\/product\/mares-quad-ci-bundel\/#primaryimage","url":"https:\/\/scubaworld.nl\/wp-content\/uploads\/505671combi.jpg","contentUrl":"https:\/\/scubaworld.nl\/wp-content\/uploads\/505671combi.jpg","width":800,"height":800},{"@type":"BreadcrumbList","@id":"https:\/\/scubaworld.nl\/en\/product\/mares-quad-ci-bundel\/#breadcrumb","itemListElement":[{"@type":"ListItem","position":1,"name":"Home","item":"https:\/\/scubaworld.nl\/"},{"@type":"ListItem","position":2,"name":"Winkel","item":"https:\/\/scubaworld.nl\/en\/winkel\/"},{"@type":"ListItem","position":3,"name":"Mares Quad CI met Led Tank zender"}]},{"@type":"WebSite","@id":"https:\/\/scubaworld.nl\/#website","url":"https:\/\/scubaworld.nl\/","name":"ScubaWorld","description":"Specialist in duikmaterialen en duikopleidingen voor jong en oud","publisher":{"@id":"https:\/\/scubaworld.nl\/#organization"},"potentialAction":[{"@type":"SearchAction","target":{"@type":"EntryPoint","urlTemplate":"https:\/\/scubaworld.nl\/?s={search_term_string}"},"query-input":{"@type":"PropertyValueSpecification","valueRequired":true,"valueName":"search_term_string"}}],"inLanguage":"en-US"},{"@type":"Organization","@id":"https:\/\/scubaworld.nl\/#organization","name":"ScubaWorld","url":"https:\/\/scubaworld.nl\/","logo":{"@type":"ImageObject","inLanguage":"en-US","@id":"https:\/\/scubaworld.nl\/#\/schema\/logo\/image\/","url":"https:\/\/scubaworld.nl\/wp-content\/uploads\/2020\/03\/logo@2x.png","contentUrl":"https:\/\/scubaworld.nl\/wp-content\/uploads\/2020\/03\/logo@2x.png","width":268,"height":196,"caption":"ScubaWorld"},"image":{"@id":"https:\/\/scubaworld.nl\/#\/schema\/logo\/image\/"}}]}},"_links":{"self":[{"href":"https:\/\/scubaworld.nl\/en\/wp-json\/wp\/v2\/product\/5471","targetHints":{"allow":["GET"]}}],"collection":[{"href":"https:\/\/scubaworld.nl\/en\/wp-json\/wp\/v2\/product"}],"about":[{"href":"https:\/\/scubaworld.nl\/en\/wp-json\/wp\/v2\/types\/product"}],"replies":[{"embeddable":true,"href":"https:\/\/scubaworld.nl\/en\/wp-json\/wp\/v2\/comments?post=5471"}],"wp:featuredmedia":[{"embeddable":true,"href":"https:\/\/scubaworld.nl\/en\/wp-json\/wp\/v2\/media\/15910"}],"wp:attachment":[{"href":"https:\/\/scubaworld.nl\/en\/wp-json\/wp\/v2\/media?parent=5471"}],"wp:term":[{"taxonomy":"product_brand","embeddable":true,"href":"https:\/\/scubaworld.nl\/en\/wp-json\/wp\/v2\/product_brand?post=5471"},{"taxonomy":"product_cat","embeddable":true,"href":"https:\/\/scubaworld.nl\/en\/wp-json\/wp\/v2\/product_cat?post=5471"},{"taxonomy":"product_tag","embeddable":true,"href":"https:\/\/scubaworld.nl\/en\/wp-json\/wp\/v2\/product_tag?post=5471"},{"taxonomy":"giftcard-category","embeddable":true,"href":"https:\/\/scubaworld.nl\/en\/wp-json\/wp\/v2\/giftcard-category?post=5471"}],"curies":[{"name":"wp","href":"https:\/\/api.w.org\/{rel}","templated":true}]}}