{"id":5514,"date":"2020-07-06T13:14:05","date_gmt":"2020-07-06T12:14:05","guid":{"rendered":"https:\/\/www.scubaworld.nl\/product\/marine-pacifische-oceaan\/"},"modified":"2025-03-20T11:11:48","modified_gmt":"2025-03-20T10:11:48","slug":"marine-pacifische-oceaan","status":"publish","type":"product","link":"https:\/\/scubaworld.nl\/en\/product\/marine-pacifische-oceaan\/","title":{"rendered":"Pictolife Marine Pacifische Oceaan"},"content":{"rendered":"<p><strong>Aziatisch-Pacifische Mariene Pictolife<\/strong><\/p>\n<p>Van Indonesi\u00eb tot Polynesi\u00eb en van Australi\u00eb tot Japan beschrijft de Mariene Pictolife meer dan 282 zeesoorten.<br \/>\nMet zijn volledig waterdichte en gelamineerde pagina&#8217;s past het gemakkelijk in de zak van een duikvest of een strandtas.<br \/>\nDe gemakkelijk toegankelijke informatie over de soorten wordt geleverd door originele en eenvoudige pictogrammen, met alle namen vertaald in 5 talen (Engels, Duits, Frans, Spaans en Italiaans). Voor elke soort leer je alles wat je moet weten over waar het leeft, wat het eet, de belangrijkste biologische kenmerken, het gedrag en hoe mensen het be\u00efnvloeden.<\/p>\n<ul>\n<li>Volledig waterdicht<\/li>\n<li>Meertalig (5 talen)<\/li>\n<li>Meer dan 282 soorten samengevoegd in 56 pagina&#8217;s<\/li>\n<li>Bijschriften in alle 5 talen<\/li>\n<li>2 indexen, inclusief 5 stammen (mobiele en stationaire soorten)<\/li>\n<li>Formaat: 12,5 x 16,3 cm<\/li>\n<li>Gewicht: 240 g<\/li>\n<\/ul>\n","protected":false},"excerpt":{"rendered":"<p>Pictolife Marine West Pacifische oceaan beschrijft meer dan 280 mariene soorten rondom Nieuw Zeeland en Australie. . Het pictolife duikboekje bestaat uit geplastificeerde pagina&#8217;s en is volledig waterbestendig. Het boekje is klein van formaat en past gemakkelijk in een zak van een trimvest of een strandtas. De informatie wordt weergegeven door originele en eenvoudige pictogrammen voorzien namen in vijf talen (Engels, Duits, Nederlands, Frans en Spaans). Van elke soort kunt je van alles leren. Over waar het leeft, wat het eet, de belangrijkste biologische eigenschappen, het gedrag en de relatie met de mens.<\/p>\n<p>\u0095Volledig waterbestendig<br \/>\n\u0095Meertalige (5 talen)<br \/>\n\u0095Meer dan 280 soorten op 64 pagina&#8217;s<br \/>\n\u0095Papier bijschriften in alle vijf talen<br \/>\n\u0095Twee indexen met 6 onderverdelingen (mobiele en stationaire soorten)<br \/>\n\u0095Formaat: 12,5 x 16,3 cm<br \/>\n\u0095Gewicht: 200 g<\/p>\n","protected":false},"featured_media":778,"comment_status":"closed","ping_status":"closed","template":"","meta":{"_et_pb_use_builder":"","_et_pb_old_content":"","_et_gb_content_width":"","_glsr_average":0,"_glsr_ranking":0,"_glsr_reviews":0},"product_brand":[],"product_cat":[282,287,277],"product_tag":[],"giftcard-category":[],"class_list":{"0":"post-5514","1":"product","2":"type-product","3":"status-publish","4":"has-post-thumbnail","6":"product_cat-boeken-en","7":"product_cat-cadeau-artikelen-en","8":"product_cat-duiken-en","10":"first","11":"instock","12":"purchasable","13":"product-type-simple"},"yoast_head":"<!-- This site is optimized with the Yoast SEO plugin v27.3 - https:\/\/yoast.com\/product\/yoast-seo-wordpress\/ -->\n<title>Pictolife Marine Pacifische Oceaan - ScubaWorld<\/title>\n<meta name=\"robots\" content=\"index, follow, max-snippet:-1, max-image-preview:large, max-video-preview:-1\" \/>\n<link rel=\"canonical\" href=\"https:\/\/scubaworld.nl\/en\/product\/marine-pacifische-oceaan\/\" \/>\n<meta property=\"og:locale\" content=\"en_US\" \/>\n<meta property=\"og:type\" content=\"article\" \/>\n<meta property=\"og:title\" content=\"Pictolife Marine Pacifische Oceaan - ScubaWorld\" \/>\n<meta property=\"og:description\" content=\"Pictolife Marine West Pacifische oceaan beschrijft meer dan 280 mariene soorten rondom Nieuw Zeeland en Australie. . Het pictolife duikboekje bestaat uit geplastificeerde pagina&#039;s en is volledig waterbestendig. Het boekje is klein van formaat en past gemakkelijk in een zak van een trimvest of een strandtas. De informatie wordt weergegeven door originele en eenvoudige pictogrammen voorzien namen in vijf talen (Engels, Duits, Nederlands, Frans en Spaans). Van elke soort kunt je van alles leren. Over waar het leeft, wat het eet, de belangrijkste biologische eigenschappen, het gedrag en de relatie met de mens.  \u0095Volledig waterbestendig \u0095Meertalige (5 talen) \u0095Meer dan 280 soorten op 64 pagina&#039;s \u0095Papier bijschriften in alle vijf talen \u0095Twee indexen met 6 onderverdelingen (mobiele en stationaire soorten) \u0095Formaat: 12,5 x 16,3 cm \u0095Gewicht: 200 g\" \/>\n<meta property=\"og:url\" content=\"https:\/\/scubaworld.nl\/en\/product\/marine-pacifische-oceaan\/\" \/>\n<meta property=\"og:site_name\" content=\"ScubaWorld\" \/>\n<meta property=\"article:modified_time\" content=\"2025-03-20T10:11:48+00:00\" \/>\n<meta property=\"og:image\" content=\"https:\/\/scubaworld.nl\/wp-content\/uploads\/2020\/06\/pictoap.jpg\" \/>\n\t<meta property=\"og:image:width\" content=\"250\" \/>\n\t<meta property=\"og:image:height\" content=\"338\" \/>\n\t<meta property=\"og:image:type\" content=\"image\/jpeg\" \/>\n<meta name=\"twitter:card\" content=\"summary_large_image\" \/>\n<meta name=\"twitter:label1\" content=\"Est. reading time\" \/>\n\t<meta name=\"twitter:data1\" content=\"1 minute\" \/>\n<script type=\"application\/ld+json\" class=\"yoast-schema-graph\">{\"@context\":\"https:\\\/\\\/schema.org\",\"@graph\":[{\"@type\":\"WebPage\",\"@id\":\"https:\\\/\\\/scubaworld.nl\\\/en\\\/product\\\/marine-pacifische-oceaan\\\/\",\"url\":\"https:\\\/\\\/scubaworld.nl\\\/en\\\/product\\\/marine-pacifische-oceaan\\\/\",\"name\":\"Pictolife Marine Pacifische Oceaan - ScubaWorld\",\"isPartOf\":{\"@id\":\"https:\\\/\\\/scubaworld.nl\\\/#website\"},\"primaryImageOfPage\":{\"@id\":\"https:\\\/\\\/scubaworld.nl\\\/en\\\/product\\\/marine-pacifische-oceaan\\\/#primaryimage\"},\"image\":{\"@id\":\"https:\\\/\\\/scubaworld.nl\\\/en\\\/product\\\/marine-pacifische-oceaan\\\/#primaryimage\"},\"thumbnailUrl\":\"https:\\\/\\\/scubaworld.nl\\\/wp-content\\\/uploads\\\/2020\\\/06\\\/pictoap.jpg\",\"datePublished\":\"2020-07-06T12:14:05+00:00\",\"dateModified\":\"2025-03-20T10:11:48+00:00\",\"breadcrumb\":{\"@id\":\"https:\\\/\\\/scubaworld.nl\\\/en\\\/product\\\/marine-pacifische-oceaan\\\/#breadcrumb\"},\"inLanguage\":\"en-US\",\"potentialAction\":[{\"@type\":\"ReadAction\",\"target\":[\"https:\\\/\\\/scubaworld.nl\\\/en\\\/product\\\/marine-pacifische-oceaan\\\/\"]}]},{\"@type\":\"ImageObject\",\"inLanguage\":\"en-US\",\"@id\":\"https:\\\/\\\/scubaworld.nl\\\/en\\\/product\\\/marine-pacifische-oceaan\\\/#primaryimage\",\"url\":\"https:\\\/\\\/scubaworld.nl\\\/wp-content\\\/uploads\\\/2020\\\/06\\\/pictoap.jpg\",\"contentUrl\":\"https:\\\/\\\/scubaworld.nl\\\/wp-content\\\/uploads\\\/2020\\\/06\\\/pictoap.jpg\",\"width\":250,\"height\":338},{\"@type\":\"BreadcrumbList\",\"@id\":\"https:\\\/\\\/scubaworld.nl\\\/en\\\/product\\\/marine-pacifische-oceaan\\\/#breadcrumb\",\"itemListElement\":[{\"@type\":\"ListItem\",\"position\":1,\"name\":\"Home\",\"item\":\"https:\\\/\\\/scubaworld.nl\\\/\"},{\"@type\":\"ListItem\",\"position\":2,\"name\":\"Winkel\",\"item\":\"https:\\\/\\\/scubaworld.nl\\\/en\\\/winkel\\\/\"},{\"@type\":\"ListItem\",\"position\":3,\"name\":\"Pictolife Marine Pacifische Oceaan\"}]},{\"@type\":\"WebSite\",\"@id\":\"https:\\\/\\\/scubaworld.nl\\\/#website\",\"url\":\"https:\\\/\\\/scubaworld.nl\\\/\",\"name\":\"ScubaWorld\",\"description\":\"Specialist in duikmaterialen en duikopleidingen voor jong en oud\",\"publisher\":{\"@id\":\"https:\\\/\\\/scubaworld.nl\\\/#organization\"},\"potentialAction\":[{\"@type\":\"SearchAction\",\"target\":{\"@type\":\"EntryPoint\",\"urlTemplate\":\"https:\\\/\\\/scubaworld.nl\\\/?s={search_term_string}\"},\"query-input\":{\"@type\":\"PropertyValueSpecification\",\"valueRequired\":true,\"valueName\":\"search_term_string\"}}],\"inLanguage\":\"en-US\"},{\"@type\":\"Organization\",\"@id\":\"https:\\\/\\\/scubaworld.nl\\\/#organization\",\"name\":\"ScubaWorld\",\"url\":\"https:\\\/\\\/scubaworld.nl\\\/\",\"logo\":{\"@type\":\"ImageObject\",\"inLanguage\":\"en-US\",\"@id\":\"https:\\\/\\\/scubaworld.nl\\\/#\\\/schema\\\/logo\\\/image\\\/\",\"url\":\"https:\\\/\\\/scubaworld.nl\\\/wp-content\\\/uploads\\\/2020\\\/03\\\/logo@2x.png\",\"contentUrl\":\"https:\\\/\\\/scubaworld.nl\\\/wp-content\\\/uploads\\\/2020\\\/03\\\/logo@2x.png\",\"width\":268,\"height\":196,\"caption\":\"ScubaWorld\"},\"image\":{\"@id\":\"https:\\\/\\\/scubaworld.nl\\\/#\\\/schema\\\/logo\\\/image\\\/\"}}]}<\/script>\n<!-- \/ Yoast SEO plugin. -->","yoast_head_json":{"title":"Pictolife Marine Pacifische Oceaan - ScubaWorld","robots":{"index":"index","follow":"follow","max-snippet":"max-snippet:-1","max-image-preview":"max-image-preview:large","max-video-preview":"max-video-preview:-1"},"canonical":"https:\/\/scubaworld.nl\/en\/product\/marine-pacifische-oceaan\/","og_locale":"en_US","og_type":"article","og_title":"Pictolife Marine Pacifische Oceaan - ScubaWorld","og_description":"Pictolife Marine West Pacifische oceaan beschrijft meer dan 280 mariene soorten rondom Nieuw Zeeland en Australie. . Het pictolife duikboekje bestaat uit geplastificeerde pagina's en is volledig waterbestendig. Het boekje is klein van formaat en past gemakkelijk in een zak van een trimvest of een strandtas. De informatie wordt weergegeven door originele en eenvoudige pictogrammen voorzien namen in vijf talen (Engels, Duits, Nederlands, Frans en Spaans). Van elke soort kunt je van alles leren. Over waar het leeft, wat het eet, de belangrijkste biologische eigenschappen, het gedrag en de relatie met de mens.  \u0095Volledig waterbestendig \u0095Meertalige (5 talen) \u0095Meer dan 280 soorten op 64 pagina's \u0095Papier bijschriften in alle vijf talen \u0095Twee indexen met 6 onderverdelingen (mobiele en stationaire soorten) \u0095Formaat: 12,5 x 16,3 cm \u0095Gewicht: 200 g","og_url":"https:\/\/scubaworld.nl\/en\/product\/marine-pacifische-oceaan\/","og_site_name":"ScubaWorld","article_modified_time":"2025-03-20T10:11:48+00:00","og_image":[{"width":250,"height":338,"url":"https:\/\/scubaworld.nl\/wp-content\/uploads\/2020\/06\/pictoap.jpg","type":"image\/jpeg"}],"twitter_card":"summary_large_image","twitter_misc":{"Est. reading time":"1 minute"},"schema":{"@context":"https:\/\/schema.org","@graph":[{"@type":"WebPage","@id":"https:\/\/scubaworld.nl\/en\/product\/marine-pacifische-oceaan\/","url":"https:\/\/scubaworld.nl\/en\/product\/marine-pacifische-oceaan\/","name":"Pictolife Marine Pacifische Oceaan - ScubaWorld","isPartOf":{"@id":"https:\/\/scubaworld.nl\/#website"},"primaryImageOfPage":{"@id":"https:\/\/scubaworld.nl\/en\/product\/marine-pacifische-oceaan\/#primaryimage"},"image":{"@id":"https:\/\/scubaworld.nl\/en\/product\/marine-pacifische-oceaan\/#primaryimage"},"thumbnailUrl":"https:\/\/scubaworld.nl\/wp-content\/uploads\/2020\/06\/pictoap.jpg","datePublished":"2020-07-06T12:14:05+00:00","dateModified":"2025-03-20T10:11:48+00:00","breadcrumb":{"@id":"https:\/\/scubaworld.nl\/en\/product\/marine-pacifische-oceaan\/#breadcrumb"},"inLanguage":"en-US","potentialAction":[{"@type":"ReadAction","target":["https:\/\/scubaworld.nl\/en\/product\/marine-pacifische-oceaan\/"]}]},{"@type":"ImageObject","inLanguage":"en-US","@id":"https:\/\/scubaworld.nl\/en\/product\/marine-pacifische-oceaan\/#primaryimage","url":"https:\/\/scubaworld.nl\/wp-content\/uploads\/2020\/06\/pictoap.jpg","contentUrl":"https:\/\/scubaworld.nl\/wp-content\/uploads\/2020\/06\/pictoap.jpg","width":250,"height":338},{"@type":"BreadcrumbList","@id":"https:\/\/scubaworld.nl\/en\/product\/marine-pacifische-oceaan\/#breadcrumb","itemListElement":[{"@type":"ListItem","position":1,"name":"Home","item":"https:\/\/scubaworld.nl\/"},{"@type":"ListItem","position":2,"name":"Winkel","item":"https:\/\/scubaworld.nl\/en\/winkel\/"},{"@type":"ListItem","position":3,"name":"Pictolife Marine Pacifische Oceaan"}]},{"@type":"WebSite","@id":"https:\/\/scubaworld.nl\/#website","url":"https:\/\/scubaworld.nl\/","name":"ScubaWorld","description":"Specialist in duikmaterialen en duikopleidingen voor jong en oud","publisher":{"@id":"https:\/\/scubaworld.nl\/#organization"},"potentialAction":[{"@type":"SearchAction","target":{"@type":"EntryPoint","urlTemplate":"https:\/\/scubaworld.nl\/?s={search_term_string}"},"query-input":{"@type":"PropertyValueSpecification","valueRequired":true,"valueName":"search_term_string"}}],"inLanguage":"en-US"},{"@type":"Organization","@id":"https:\/\/scubaworld.nl\/#organization","name":"ScubaWorld","url":"https:\/\/scubaworld.nl\/","logo":{"@type":"ImageObject","inLanguage":"en-US","@id":"https:\/\/scubaworld.nl\/#\/schema\/logo\/image\/","url":"https:\/\/scubaworld.nl\/wp-content\/uploads\/2020\/03\/logo@2x.png","contentUrl":"https:\/\/scubaworld.nl\/wp-content\/uploads\/2020\/03\/logo@2x.png","width":268,"height":196,"caption":"ScubaWorld"},"image":{"@id":"https:\/\/scubaworld.nl\/#\/schema\/logo\/image\/"}}]}},"_links":{"self":[{"href":"https:\/\/scubaworld.nl\/en\/wp-json\/wp\/v2\/product\/5514","targetHints":{"allow":["GET"]}}],"collection":[{"href":"https:\/\/scubaworld.nl\/en\/wp-json\/wp\/v2\/product"}],"about":[{"href":"https:\/\/scubaworld.nl\/en\/wp-json\/wp\/v2\/types\/product"}],"replies":[{"embeddable":true,"href":"https:\/\/scubaworld.nl\/en\/wp-json\/wp\/v2\/comments?post=5514"}],"wp:featuredmedia":[{"embeddable":true,"href":"https:\/\/scubaworld.nl\/en\/wp-json\/wp\/v2\/media\/778"}],"wp:attachment":[{"href":"https:\/\/scubaworld.nl\/en\/wp-json\/wp\/v2\/media?parent=5514"}],"wp:term":[{"taxonomy":"product_brand","embeddable":true,"href":"https:\/\/scubaworld.nl\/en\/wp-json\/wp\/v2\/product_brand?post=5514"},{"taxonomy":"product_cat","embeddable":true,"href":"https:\/\/scubaworld.nl\/en\/wp-json\/wp\/v2\/product_cat?post=5514"},{"taxonomy":"product_tag","embeddable":true,"href":"https:\/\/scubaworld.nl\/en\/wp-json\/wp\/v2\/product_tag?post=5514"},{"taxonomy":"giftcard-category","embeddable":true,"href":"https:\/\/scubaworld.nl\/en\/wp-json\/wp\/v2\/giftcard-category?post=5514"}],"curies":[{"name":"wp","href":"https:\/\/api.w.org\/{rel}","templated":true}]}}