{"id":5784,"date":"2020-07-06T13:11:24","date_gmt":"2020-07-06T13:11:24","guid":{"rendered":"https:\/\/www.scubaworld.nl\/product\/quad\/"},"modified":"2025-08-01T13:56:18","modified_gmt":"2025-08-01T12:56:18","slug":"quad2","status":"publish","type":"product","link":"https:\/\/scubaworld.nl\/en\/product\/quad2\/","title":{"rendered":"Mares Quad 2"},"content":{"rendered":"<p><span class=\"ng-binding\" style=\"box-sizing: border-box; color: #7d7d7d; font-family: Roboto, Arial, sans-serif; font-size: 14px; font-style: normal; font-variant-ligatures: normal; font-variant-caps: normal; font-weight: 400; letter-spacing: normal; orphans: 2; text-align: left; text-indent: 0px; text-transform: none; widows: 2; word-spacing: 0px; -webkit-text-stroke-width: 0px; white-space: normal; background-color: #ffffff; text-decoration-thickness: initial; text-decoration-style: initial; text-decoration-color: initial;\">De Mares QUAD 2 is meer dan een duikcomputer; het is je ultieme metgezel onder water. Dit geavanceerde apparaat is ontworpen voor precisie en prestaties en biedt onge\u00ebvenaarde helderheid, veiligheid en controle voor elke duik. Of je nu levendige riffen verkent of uitdagende diepten, de QUAD 2 past zich naadloos aan je behoeften aan met geavanceerde functies en gebruiksvriendelijke functionaliteit.<br \/>\nBelangrijkste kenmerken:<br \/>\n&#8211; Bodem Timer modus met instelbare gemiddelde diepte en stopwatch<br \/>\n&#8211; Decompressie duikplanner met extra Oppervlakte Interval functie<br \/>\n&#8211; Logboekcapaciteit: 100 uur duikprofiel bij een meetinterval van 5 seconden<br \/>\n&#8211; Door gebruiker vervangbare batterij (CR 2450) met een lange levensduur van 100 duiken<br \/>\n&#8211; Ge\u00efntegreerde Bluetooth voor directe verbinding met een Smart Device<br \/>\n&#8211; Onderwatermenu voor het wijzigen van bepaalde instellingen tijdens de duik<br \/>\n&#8211; Vier knoppen voor een intu\u00eftieve gebruikersinterface plus snelcommando&#8217;s<br \/>\n&#8211; Hoogte wordt automatisch aangepast door elke 20 seconden de omgevingsdruk te meten, zelfs als het apparaat uit staat<br \/>\n&#8211; Firmware update via de Mares app<\/span><\/p>\n","protected":false},"excerpt":{"rendered":"<ul>\n<li><span class=\"ng-binding\" style=\"box-sizing: border-box; color: #7d7d7d; font-family: Roboto, Arial, sans-serif; font-size: 14px; font-style: normal; font-variant-ligatures: normal; font-variant-caps: normal; font-weight: 400; letter-spacing: normal; orphans: 2; text-align: left; text-indent: 0px; text-transform: none; widows: 2; word-spacing: 0px; -webkit-text-stroke-width: 0px; white-space: normal; background-color: #ffffff; text-decoration-thickness: initial; text-decoration-style: initial; text-decoration-color: initial;\">B\u00fchlmann ZH-L16C algoritme met aanpasbare gradi\u00ebntfactoren.<\/span><\/li>\n<li><span class=\"ng-binding\" style=\"box-sizing: border-box; color: #7d7d7d; font-family: Roboto, Arial, sans-serif; font-size: 14px; font-style: normal; font-variant-ligatures: normal; font-variant-caps: normal; font-weight: 400; letter-spacing: normal; orphans: 2; text-align: left; text-indent: 0px; text-transform: none; widows: 2; word-spacing: 0px; -webkit-text-stroke-width: 0px; white-space: normal; background-color: #ffffff; text-decoration-thickness: initial; text-decoration-style: initial; text-decoration-color: initial;\">Alternatieve gradi\u00ebntfactoren en Ceil-Con decompressie<\/span><\/li>\n<li><span class=\"ng-binding\" style=\"box-sizing: border-box; color: #7d7d7d; font-family: Roboto, Arial, sans-serif; font-size: 14px; font-style: normal; font-variant-ligatures: normal; font-variant-caps: normal; font-weight: 400; letter-spacing: normal; orphans: 2; text-align: left; text-indent: 0px; text-transform: none; widows: 2; word-spacing: 0px; -webkit-text-stroke-width: 0px; white-space: normal; background-color: #ffffff; text-decoration-thickness: initial; text-decoration-style: initial; text-decoration-color: initial;\">Lucht, Nitrox, Trimix, Bodemtimer<\/span><\/li>\n<li><span class=\"ng-binding\" style=\"box-sizing: border-box; color: #7d7d7d; font-family: Roboto, Arial, sans-serif; font-size: 14px; font-style: normal; font-variant-ligatures: normal; font-variant-caps: normal; font-weight: 400; letter-spacing: normal; orphans: 2; text-align: left; text-indent: 0px; text-transform: none; widows: 2; word-spacing: 0px; -webkit-text-stroke-width: 0px; white-space: normal; background-color: #ffffff; text-decoration-thickness: initial; text-decoration-style: initial; text-decoration-color: initial;\">Helder gesegmenteerd display gemaakt met chip-on-glass technologie<\/span><\/li>\n<\/ul>\n","protected":false},"featured_media":16173,"comment_status":"closed","ping_status":"closed","template":"","meta":{"_et_pb_use_builder":"","_et_pb_old_content":"","_et_gb_content_width":"","_glsr_average":0,"_glsr_ranking":0,"_glsr_reviews":0},"product_brand":[],"product_cat":[385,277,387],"product_tag":[],"giftcard-category":[],"class_list":{"0":"post-5784","1":"product","2":"type-product","3":"status-publish","4":"has-post-thumbnail","6":"product_cat-duikcomputers-en","7":"product_cat-duiken-en","8":"product_cat-polscomputers-en","9":"pa_kleur-aqua-en","10":"pa_kleur-blauw-en","11":"pa_kleur-oranje-en","12":"pa_kleur-zwart-grijs-en","14":"first","15":"instock","16":"purchasable","17":"product-type-variable"},"yoast_head":"<!-- This site is optimized with the Yoast SEO plugin v27.4 - https:\/\/yoast.com\/product\/yoast-seo-wordpress\/ -->\n<title>Mares Quad 2 - ScubaWorld<\/title>\n<meta name=\"robots\" content=\"index, follow, max-snippet:-1, max-image-preview:large, max-video-preview:-1\" \/>\n<link rel=\"canonical\" href=\"https:\/\/scubaworld.nl\/en\/product\/quad2\/\" \/>\n<meta property=\"og:locale\" content=\"en_US\" \/>\n<meta property=\"og:type\" content=\"article\" \/>\n<meta property=\"og:title\" content=\"Mares Quad 2 - ScubaWorld\" \/>\n<meta property=\"og:description\" content=\"B\u00fchlmann ZH-L16C algoritme met aanpasbare gradi\u00ebntfactoren.  Alternatieve gradi\u00ebntfactoren en Ceil-Con decompressie  Lucht, Nitrox, Trimix, Bodemtimer  Helder gesegmenteerd display gemaakt met chip-on-glass technologie\" \/>\n<meta property=\"og:url\" content=\"https:\/\/scubaworld.nl\/en\/product\/quad2\/\" \/>\n<meta property=\"og:site_name\" content=\"ScubaWorld\" \/>\n<meta property=\"article:modified_time\" content=\"2025-08-01T12:56:18+00:00\" \/>\n<meta property=\"og:image\" content=\"https:\/\/scubaworld.nl\/wp-content\/uploads\/414152_1.jpg\" \/>\n\t<meta property=\"og:image:width\" content=\"2000\" \/>\n\t<meta property=\"og:image:height\" content=\"2000\" \/>\n\t<meta property=\"og:image:type\" content=\"image\/jpeg\" \/>\n<meta name=\"twitter:card\" content=\"summary_large_image\" \/>\n<meta name=\"twitter:label1\" content=\"Est. reading time\" \/>\n\t<meta name=\"twitter:data1\" content=\"1 minute\" \/>\n<script type=\"application\/ld+json\" class=\"yoast-schema-graph\">{\"@context\":\"https:\\\/\\\/schema.org\",\"@graph\":[{\"@type\":\"WebPage\",\"@id\":\"https:\\\/\\\/scubaworld.nl\\\/en\\\/product\\\/quad2\\\/\",\"url\":\"https:\\\/\\\/scubaworld.nl\\\/en\\\/product\\\/quad2\\\/\",\"name\":\"Mares Quad 2 - ScubaWorld\",\"isPartOf\":{\"@id\":\"https:\\\/\\\/scubaworld.nl\\\/#website\"},\"primaryImageOfPage\":{\"@id\":\"https:\\\/\\\/scubaworld.nl\\\/en\\\/product\\\/quad2\\\/#primaryimage\"},\"image\":{\"@id\":\"https:\\\/\\\/scubaworld.nl\\\/en\\\/product\\\/quad2\\\/#primaryimage\"},\"thumbnailUrl\":\"https:\\\/\\\/scubaworld.nl\\\/wp-content\\\/uploads\\\/414152_1.jpg\",\"datePublished\":\"2020-07-06T13:11:24+00:00\",\"dateModified\":\"2025-08-01T12:56:18+00:00\",\"breadcrumb\":{\"@id\":\"https:\\\/\\\/scubaworld.nl\\\/en\\\/product\\\/quad2\\\/#breadcrumb\"},\"inLanguage\":\"en-US\",\"potentialAction\":[{\"@type\":\"ReadAction\",\"target\":[\"https:\\\/\\\/scubaworld.nl\\\/en\\\/product\\\/quad2\\\/\"]}]},{\"@type\":\"ImageObject\",\"inLanguage\":\"en-US\",\"@id\":\"https:\\\/\\\/scubaworld.nl\\\/en\\\/product\\\/quad2\\\/#primaryimage\",\"url\":\"https:\\\/\\\/scubaworld.nl\\\/wp-content\\\/uploads\\\/414152_1.jpg\",\"contentUrl\":\"https:\\\/\\\/scubaworld.nl\\\/wp-content\\\/uploads\\\/414152_1.jpg\",\"width\":2000,\"height\":2000},{\"@type\":\"BreadcrumbList\",\"@id\":\"https:\\\/\\\/scubaworld.nl\\\/en\\\/product\\\/quad2\\\/#breadcrumb\",\"itemListElement\":[{\"@type\":\"ListItem\",\"position\":1,\"name\":\"Home\",\"item\":\"https:\\\/\\\/scubaworld.nl\\\/\"},{\"@type\":\"ListItem\",\"position\":2,\"name\":\"Winkel\",\"item\":\"https:\\\/\\\/scubaworld.nl\\\/en\\\/winkel\\\/\"},{\"@type\":\"ListItem\",\"position\":3,\"name\":\"Mares Quad 2\"}]},{\"@type\":\"WebSite\",\"@id\":\"https:\\\/\\\/scubaworld.nl\\\/#website\",\"url\":\"https:\\\/\\\/scubaworld.nl\\\/\",\"name\":\"ScubaWorld\",\"description\":\"Specialist in duikmaterialen en duikopleidingen voor jong en oud\",\"publisher\":{\"@id\":\"https:\\\/\\\/scubaworld.nl\\\/#organization\"},\"potentialAction\":[{\"@type\":\"SearchAction\",\"target\":{\"@type\":\"EntryPoint\",\"urlTemplate\":\"https:\\\/\\\/scubaworld.nl\\\/?s={search_term_string}\"},\"query-input\":{\"@type\":\"PropertyValueSpecification\",\"valueRequired\":true,\"valueName\":\"search_term_string\"}}],\"inLanguage\":\"en-US\"},{\"@type\":\"Organization\",\"@id\":\"https:\\\/\\\/scubaworld.nl\\\/#organization\",\"name\":\"ScubaWorld\",\"url\":\"https:\\\/\\\/scubaworld.nl\\\/\",\"logo\":{\"@type\":\"ImageObject\",\"inLanguage\":\"en-US\",\"@id\":\"https:\\\/\\\/scubaworld.nl\\\/#\\\/schema\\\/logo\\\/image\\\/\",\"url\":\"https:\\\/\\\/scubaworld.nl\\\/wp-content\\\/uploads\\\/2020\\\/03\\\/logo@2x.png\",\"contentUrl\":\"https:\\\/\\\/scubaworld.nl\\\/wp-content\\\/uploads\\\/2020\\\/03\\\/logo@2x.png\",\"width\":268,\"height\":196,\"caption\":\"ScubaWorld\"},\"image\":{\"@id\":\"https:\\\/\\\/scubaworld.nl\\\/#\\\/schema\\\/logo\\\/image\\\/\"}}]}<\/script>\n<!-- \/ Yoast SEO plugin. -->","yoast_head_json":{"title":"Mares Quad 2 - ScubaWorld","robots":{"index":"index","follow":"follow","max-snippet":"max-snippet:-1","max-image-preview":"max-image-preview:large","max-video-preview":"max-video-preview:-1"},"canonical":"https:\/\/scubaworld.nl\/en\/product\/quad2\/","og_locale":"en_US","og_type":"article","og_title":"Mares Quad 2 - ScubaWorld","og_description":"B\u00fchlmann ZH-L16C algoritme met aanpasbare gradi\u00ebntfactoren.  Alternatieve gradi\u00ebntfactoren en Ceil-Con decompressie  Lucht, Nitrox, Trimix, Bodemtimer  Helder gesegmenteerd display gemaakt met chip-on-glass technologie","og_url":"https:\/\/scubaworld.nl\/en\/product\/quad2\/","og_site_name":"ScubaWorld","article_modified_time":"2025-08-01T12:56:18+00:00","og_image":[{"width":2000,"height":2000,"url":"https:\/\/scubaworld.nl\/wp-content\/uploads\/414152_1.jpg","type":"image\/jpeg"}],"twitter_card":"summary_large_image","twitter_misc":{"Est. reading time":"1 minute"},"schema":{"@context":"https:\/\/schema.org","@graph":[{"@type":"WebPage","@id":"https:\/\/scubaworld.nl\/en\/product\/quad2\/","url":"https:\/\/scubaworld.nl\/en\/product\/quad2\/","name":"Mares Quad 2 - ScubaWorld","isPartOf":{"@id":"https:\/\/scubaworld.nl\/#website"},"primaryImageOfPage":{"@id":"https:\/\/scubaworld.nl\/en\/product\/quad2\/#primaryimage"},"image":{"@id":"https:\/\/scubaworld.nl\/en\/product\/quad2\/#primaryimage"},"thumbnailUrl":"https:\/\/scubaworld.nl\/wp-content\/uploads\/414152_1.jpg","datePublished":"2020-07-06T13:11:24+00:00","dateModified":"2025-08-01T12:56:18+00:00","breadcrumb":{"@id":"https:\/\/scubaworld.nl\/en\/product\/quad2\/#breadcrumb"},"inLanguage":"en-US","potentialAction":[{"@type":"ReadAction","target":["https:\/\/scubaworld.nl\/en\/product\/quad2\/"]}]},{"@type":"ImageObject","inLanguage":"en-US","@id":"https:\/\/scubaworld.nl\/en\/product\/quad2\/#primaryimage","url":"https:\/\/scubaworld.nl\/wp-content\/uploads\/414152_1.jpg","contentUrl":"https:\/\/scubaworld.nl\/wp-content\/uploads\/414152_1.jpg","width":2000,"height":2000},{"@type":"BreadcrumbList","@id":"https:\/\/scubaworld.nl\/en\/product\/quad2\/#breadcrumb","itemListElement":[{"@type":"ListItem","position":1,"name":"Home","item":"https:\/\/scubaworld.nl\/"},{"@type":"ListItem","position":2,"name":"Winkel","item":"https:\/\/scubaworld.nl\/en\/winkel\/"},{"@type":"ListItem","position":3,"name":"Mares Quad 2"}]},{"@type":"WebSite","@id":"https:\/\/scubaworld.nl\/#website","url":"https:\/\/scubaworld.nl\/","name":"ScubaWorld","description":"Specialist in duikmaterialen en duikopleidingen voor jong en oud","publisher":{"@id":"https:\/\/scubaworld.nl\/#organization"},"potentialAction":[{"@type":"SearchAction","target":{"@type":"EntryPoint","urlTemplate":"https:\/\/scubaworld.nl\/?s={search_term_string}"},"query-input":{"@type":"PropertyValueSpecification","valueRequired":true,"valueName":"search_term_string"}}],"inLanguage":"en-US"},{"@type":"Organization","@id":"https:\/\/scubaworld.nl\/#organization","name":"ScubaWorld","url":"https:\/\/scubaworld.nl\/","logo":{"@type":"ImageObject","inLanguage":"en-US","@id":"https:\/\/scubaworld.nl\/#\/schema\/logo\/image\/","url":"https:\/\/scubaworld.nl\/wp-content\/uploads\/2020\/03\/logo@2x.png","contentUrl":"https:\/\/scubaworld.nl\/wp-content\/uploads\/2020\/03\/logo@2x.png","width":268,"height":196,"caption":"ScubaWorld"},"image":{"@id":"https:\/\/scubaworld.nl\/#\/schema\/logo\/image\/"}}]}},"_links":{"self":[{"href":"https:\/\/scubaworld.nl\/en\/wp-json\/wp\/v2\/product\/5784","targetHints":{"allow":["GET"]}}],"collection":[{"href":"https:\/\/scubaworld.nl\/en\/wp-json\/wp\/v2\/product"}],"about":[{"href":"https:\/\/scubaworld.nl\/en\/wp-json\/wp\/v2\/types\/product"}],"replies":[{"embeddable":true,"href":"https:\/\/scubaworld.nl\/en\/wp-json\/wp\/v2\/comments?post=5784"}],"wp:featuredmedia":[{"embeddable":true,"href":"https:\/\/scubaworld.nl\/en\/wp-json\/wp\/v2\/media\/16173"}],"wp:attachment":[{"href":"https:\/\/scubaworld.nl\/en\/wp-json\/wp\/v2\/media?parent=5784"}],"wp:term":[{"taxonomy":"product_brand","embeddable":true,"href":"https:\/\/scubaworld.nl\/en\/wp-json\/wp\/v2\/product_brand?post=5784"},{"taxonomy":"product_cat","embeddable":true,"href":"https:\/\/scubaworld.nl\/en\/wp-json\/wp\/v2\/product_cat?post=5784"},{"taxonomy":"product_tag","embeddable":true,"href":"https:\/\/scubaworld.nl\/en\/wp-json\/wp\/v2\/product_tag?post=5784"},{"taxonomy":"giftcard-category","embeddable":true,"href":"https:\/\/scubaworld.nl\/en\/wp-json\/wp\/v2\/giftcard-category?post=5784"}],"curies":[{"name":"wp","href":"https:\/\/api.w.org\/{rel}","templated":true}]}}